{"id":1378,"date":"2024-02-03T18:38:32","date_gmt":"2024-02-03T15:38:32","guid":{"rendered":"https:\/\/boyutgroup.net\/?page_id=1378"},"modified":"2024-02-13T14:05:19","modified_gmt":"2024-02-13T11:05:19","slug":"sensavis","status":"publish","type":"page","link":"https:\/\/boyutgroup.net\/tr\/sensavis\/","title":{"rendered":"Sensavis"},"content":{"rendered":"<div data-elementor-type=\"wp-post\" data-elementor-id=\"1378\" class=\"elementor elementor-1378\" data-elementor-post-type=\"page\">\n\t\t\t\t<div class=\"elementor-element elementor-element-cbcf082 e-flex e-con-boxed e-con e-parent\" data-id=\"cbcf082\" data-element_type=\"container\" data-settings=\"{&quot;background_background&quot;:&quot;classic&quot;}\">\n\t\t\t\t\t<div class=\"e-con-inner\">\n\t\t<div class=\"elementor-element elementor-element-53c6f6a e-con-full e-flex e-con e-child\" data-id=\"53c6f6a\" data-element_type=\"container\">\n\t\t\t\t<div class=\"elementor-element elementor-element-60f397f elementor-widget elementor-widget-heading\" data-id=\"60f397f\" data-element_type=\"widget\" data-widget_type=\"heading.default\">\n\t\t\t\t<div class=\"elementor-widget-container\">\n\t\t\t<style>\/*! elementor - v3.22.0 - 24-06-2024 *\/\n.elementor-heading-title{padding:0;margin:0;line-height:1}.elementor-widget-heading .elementor-heading-title[class*=elementor-size-]>a{color:inherit;font-size:inherit;line-height:inherit}.elementor-widget-heading .elementor-heading-title.elementor-size-small{font-size:15px}.elementor-widget-heading .elementor-heading-title.elementor-size-medium{font-size:19px}.elementor-widget-heading .elementor-heading-title.elementor-size-large{font-size:29px}.elementor-widget-heading .elementor-heading-title.elementor-size-xl{font-size:39px}.elementor-widget-heading .elementor-heading-title.elementor-size-xxl{font-size:59px}<\/style><h1 class=\"elementor-heading-title elementor-size-default\">Sensavis<\/h1>\t\t<\/div>\n\t\t\t\t<\/div>\n\t\t\t\t<\/div>\n\t\t\t\t\t<\/div>\n\t\t\t\t<\/div>\n\t\t<div class=\"elementor-element elementor-element-6841cc4 e-flex e-con-boxed e-con e-parent\" data-id=\"6841cc4\" data-element_type=\"container\">\n\t\t\t\t\t<div class=\"e-con-inner\">\n\t\t<div class=\"elementor-element elementor-element-2c4fa66 e-con-full e-flex e-con e-child\" data-id=\"2c4fa66\" data-element_type=\"container\">\n\t\t\t\t<div class=\"elementor-element elementor-element-876c1ed elementor-widget elementor-widget-heading\" data-id=\"876c1ed\" data-element_type=\"widget\" data-widget_type=\"heading.default\">\n\t\t\t\t<div class=\"elementor-widget-container\">\n\t\t\t<h2 class=\"elementor-heading-title elementor-size-default\">Sensavis<\/h2>\t\t<\/div>\n\t\t\t\t<\/div>\n\t\t\t\t<div class=\"elementor-element elementor-element-8a9feb6 elementor-widget elementor-widget-text-editor\" data-id=\"8a9feb6\" data-element_type=\"widget\" data-widget_type=\"text-editor.default\">\n\t\t\t\t<div class=\"elementor-widget-container\">\n\t\t\t<style>\/*! elementor - v3.22.0 - 24-06-2024 *\/\n.elementor-widget-text-editor.elementor-drop-cap-view-stacked .elementor-drop-cap{background-color:#69727d;color:#fff}.elementor-widget-text-editor.elementor-drop-cap-view-framed .elementor-drop-cap{color:#69727d;border:3px solid;background-color:transparent}.elementor-widget-text-editor:not(.elementor-drop-cap-view-default) .elementor-drop-cap{margin-top:8px}.elementor-widget-text-editor:not(.elementor-drop-cap-view-default) .elementor-drop-cap-letter{width:1em;height:1em}.elementor-widget-text-editor .elementor-drop-cap{float:left;text-align:center;line-height:1;font-size:50px}.elementor-widget-text-editor .elementor-drop-cap-letter{display:inline-block}<\/style>\t\t\t\t<h4 class=\"elementor-heading-title elementor-size-default\">Sensavis \u2013 3D \u0130nteraktif G\u00f6rsel E\u011fitim Uygulamas\u0131<\/h4>\t\t\t\t\t\t<\/div>\n\t\t\t\t<\/div>\n\t\t\t\t<div class=\"elementor-element elementor-element-a535f27 elementor-widget elementor-widget-text-editor\" data-id=\"a535f27\" data-element_type=\"widget\" data-widget_type=\"text-editor.default\">\n\t\t\t\t<div class=\"elementor-widget-container\">\n\t\t\t\t\t\t\t<p>D\u00fcnyan\u0131n en iyi 3D interaktif \u015firketi unvan\u0131na sahip olan \u0130sve\u00e7 men\u015feli Sensavis, Dimension Group fark\u0131yla T\u00fcrkiye'de!<\/p><p>E\u011fitimde farkl\u0131 bir boyut! 3 BOYUTLU\u2026<\/p><p>Biyoloji, Co\u011frafya, Kimya, Fizik, Matematik ve M\u00fchendislik olmak \u00fczere 6 ana ba\u015fl\u0131k ve 85 alt b\u00f6l\u00fcm.<br \/>3D format\u0131nda 491 etkile\u015fimli sim\u00fclasyon.<\/p><p>Sensavis \u0130ngiltere, Amerika, \u0130sve\u00e7, Danimarka, \u0130zlanda'n\u0131n da aralar\u0131nda bulundu\u011fu 12 \u00fclkenin e\u011fitim kurumlar\u0131nda uygulan\u0131yor. Yaz\u0131l\u0131m, \u00f6\u011fretmenlerin g\u00f6r\u00fc\u015fleri do\u011frultusunda yeni ba\u015fl\u0131klar eklenerek alt\u0131 ayda bir kendini g\u00fcncellemektedir.<\/p><p>Program, alan\u0131nda uzman, \u00f6\u011fretmen, profes\u00f6r ve ara\u015ft\u0131rmac\u0131lardan olu\u015fan bir Ar-Ge ekibi taraf\u0131ndan haz\u0131rlansa da Sensavis, anaokulundan ba\u015flay\u0131p \u00fcniversite d\u00fczeyini kapsayan konulara yer veren, anlat\u0131mdan uzak ve yaz\u0131l\u0131 olmayan interaktif sunumuyla fark\u0131n\u0131 ortaya koyuyor.<\/p><p>Yap\u0131lan ara\u015ft\u0131rmalara g\u00f6re \u201cSensavis\u201d sayesinde \u00f6\u011frencilerin derse olan ilgisi ve konsantrasyonu artt\u0131, ba\u015far\u0131 grafiklerinde g\u00f6zle g\u00f6r\u00fcl\u00fcr bir art\u0131\u015f sa\u011fland\u0131.<\/p><p>E\u011fitim kurumlar\u0131n\u0131zda \u00fccretsiz tan\u0131t\u0131m sunumu i\u00e7in<\/p><p>Bizimle 0216 414 20 15 veya sensavis@boyutgroup.net adresinden ileti\u015fime ge\u00e7ebilirsiniz.<\/p>\t\t\t\t\t\t<\/div>\n\t\t\t\t<\/div>\n\t\t\t\t<\/div>\n\t\t<div class=\"elementor-element elementor-element-8110956 e-con-full e-flex e-con e-child\" data-id=\"8110956\" data-element_type=\"container\">\n\t\t\t\t<div class=\"elementor-element elementor-element-a3757fe elementor-widget elementor-widget-image\" data-id=\"a3757fe\" data-element_type=\"widget\" data-widget_type=\"image.default\">\n\t\t\t\t<div class=\"elementor-widget-container\">\n\t\t\t<style>\/*! elementor - v3.22.0 - 24-06-2024 *\/\n.elementor-widget-image{text-align:center}.elementor-widget-image a{display:inline-block}.elementor-widget-image a img[src$=\".svg\"]{width:48px}.elementor-widget-image img{vertical-align:middle;display:inline-block}<\/style>\t\t\t\t\t\t\t\t\t\t<img fetchpriority=\"high\" decoding=\"async\" width=\"431\" height=\"470\" src=\"https:\/\/boyutgroup.net\/wp-content\/uploads\/2024\/02\/Sensavis.png\" class=\"attachment-large size-large wp-image-1385\" alt=\"Sensavis\" srcset=\"https:\/\/boyutgroup.net\/wp-content\/uploads\/2024\/02\/Sensavis.png 431w, https:\/\/boyutgroup.net\/wp-content\/uploads\/2024\/02\/Sensavis-275x300.png 275w\" sizes=\"(max-width: 431px) 100vw, 431px\" \/>\t\t\t\t\t\t\t\t\t\t\t\t\t<\/div>\n\t\t\t\t<\/div>\n\t\t\t\t<div class=\"elementor-element elementor-element-74e83f1 elementor-widget elementor-widget-text-editor\" data-id=\"74e83f1\" data-element_type=\"widget\" data-widget_type=\"text-editor.default\">\n\t\t\t\t<div class=\"elementor-widget-container\">\n\t\t\t\t\t\t\t<p><strong>Sensavis yaz\u0131l\u0131m\u0131;<\/strong><\/p><p>3D g\u00f6r\u00fcnt\u00fc alabilece\u011fimiz her t\u00fcrl\u00fc ekran, projekt\u00f6r veya ak\u0131ll\u0131 tahta ile \u00e7al\u0131\u015f\u0131r<br \/>3D'nin bulunmad\u0131\u011f\u0131 ortamlarda 2D olarak kullan\u0131labilir<br \/>Pil ve \u015farj gerektirmeyen, \u00e7ok d\u00fc\u015f\u00fck maliyetli pasif g\u00f6zl\u00fckler kullan\u0131l\u0131yor<br \/>Avrupa k\u00f6kenlidir<br \/>Yeni g\u00fcncellemeler an\u0131nda sisteme entegre edilir<br \/>Anlat\u0131ms\u0131z interaktif uygulamas\u0131yla her m\u00fcfredata uygundur.<br \/>Anlat\u0131ms\u0131z interaktif uygulama, e\u011fitimcinin elinde \u015fekillenece\u011fi i\u00e7in her ya\u015fa hitap ediyor<br \/>Sunum haz\u0131rlama ve ses kaydetme olana\u011f\u0131 sa\u011flar<br \/>Karanl\u0131k ortama ihtiya\u00e7 duymaz<\/p>\t\t\t\t\t\t<\/div>\n\t\t\t\t<\/div>\n\t\t\t\t<\/div>\n\t\t\t\t\t<\/div>\n\t\t\t\t<\/div>\n\t\t\t\t<\/div>","protected":false},"excerpt":{"rendered":"<p>Sensavis Sensavis Sensavis &#8211; 3D Interactive Visual Education Application Sweden-origin Sensavis, which has the title of the best 3D interactive company in the world, is in Turkey with the difference of the Dimension Group! A different DIMENSION in education! 3D\u2026 6 main headings including Biology, Geography, Chemistry, Physics, Mathematics and Engineering, including 85 subsections.491 interactive [&hellip;]<\/p>","protected":false},"author":1,"featured_media":0,"parent":0,"menu_order":0,"comment_status":"closed","ping_status":"closed","template":"","meta":{"site-sidebar-layout":"no-sidebar","site-content-layout":"page-builder","ast-site-content-layout":"full-width-container","site-content-style":"unboxed","site-sidebar-style":"unboxed","ast-global-header-display":"","ast-banner-title-visibility":"","ast-main-header-display":"","ast-hfb-above-header-display":"","ast-hfb-below-header-display":"","ast-hfb-mobile-header-display":"","site-post-title":"disabled","ast-breadcrumbs-content":"","ast-featured-img":"disabled","footer-sml-layout":"","theme-transparent-header-meta":"enabled","adv-header-id-meta":"","stick-header-meta":"","header-above-stick-meta":"","header-main-stick-meta":"","header-below-stick-meta":"","astra-migrate-meta-layouts":"set","ast-page-background-enabled":"default","ast-page-background-meta":{"desktop":{"background-color":"","background-image":"","background-repeat":"repeat","background-position":"center center","background-size":"auto","background-attachment":"scroll","background-type":"","background-media":"","overlay-type":"","overlay-color":"","overlay-opacity":"","overlay-gradient":""},"tablet":{"background-color":"","background-image":"","background-repeat":"repeat","background-position":"center center","background-size":"auto","background-attachment":"scroll","background-type":"","background-media":"","overlay-type":"","overlay-color":"","overlay-opacity":"","overlay-gradient":""},"mobile":{"background-color":"","background-image":"","background-repeat":"repeat","background-position":"center center","background-size":"auto","background-attachment":"scroll","background-type":"","background-media":"","overlay-type":"","overlay-color":"","overlay-opacity":"","overlay-gradient":""}},"ast-content-background-meta":{"desktop":{"background-color":"var(--ast-global-color-5)","background-image":"","background-repeat":"repeat","background-position":"center center","background-size":"auto","background-attachment":"scroll","background-type":"","background-media":"","overlay-type":"","overlay-color":"","overlay-opacity":"","overlay-gradient":""},"tablet":{"background-color":"var(--ast-global-color-5)","background-image":"","background-repeat":"repeat","background-position":"center center","background-size":"auto","background-attachment":"scroll","background-type":"","background-media":"","overlay-type":"","overlay-color":"","overlay-opacity":"","overlay-gradient":""},"mobile":{"background-color":"var(--ast-global-color-5)","background-image":"","background-repeat":"repeat","background-position":"center center","background-size":"auto","background-attachment":"scroll","background-type":"","background-media":"","overlay-type":"","overlay-color":"","overlay-opacity":"","overlay-gradient":""}},"footnotes":""},"class_list":["post-1378","page","type-page","status-publish","hentry"],"_links":{"self":[{"href":"https:\/\/boyutgroup.net\/tr\/wp-json\/wp\/v2\/pages\/1378","targetHints":{"allow":["GET"]}}],"collection":[{"href":"https:\/\/boyutgroup.net\/tr\/wp-json\/wp\/v2\/pages"}],"about":[{"href":"https:\/\/boyutgroup.net\/tr\/wp-json\/wp\/v2\/types\/page"}],"author":[{"embeddable":true,"href":"https:\/\/boyutgroup.net\/tr\/wp-json\/wp\/v2\/users\/1"}],"replies":[{"embeddable":true,"href":"https:\/\/boyutgroup.net\/tr\/wp-json\/wp\/v2\/comments?post=1378"}],"version-history":[{"count":3,"href":"https:\/\/boyutgroup.net\/tr\/wp-json\/wp\/v2\/pages\/1378\/revisions"}],"predecessor-version":[{"id":1721,"href":"https:\/\/boyutgroup.net\/tr\/wp-json\/wp\/v2\/pages\/1378\/revisions\/1721"}],"wp:attachment":[{"href":"https:\/\/boyutgroup.net\/tr\/wp-json\/wp\/v2\/media?parent=1378"}],"curies":[{"name":"wp","href":"https:\/\/api.w.org\/{rel}","templated":true}]}}