{"id":1160,"date":"2024-02-03T10:10:53","date_gmt":"2024-02-03T10:10:53","guid":{"rendered":"https:\/\/boyutgroup.net\/?page_id=1160"},"modified":"2024-02-13T14:13:13","modified_gmt":"2024-02-13T11:13:13","slug":"congress","status":"publish","type":"page","link":"https:\/\/boyutgroup.net\/tr\/kongreler\/","title":{"rendered":"Kongreler"},"content":{"rendered":"<div data-elementor-type=\"wp-post\" data-elementor-id=\"1160\" class=\"elementor elementor-1160\" data-elementor-post-type=\"page\">\n\t\t\t\t<div class=\"elementor-element elementor-element-cbcf082 e-flex e-con-boxed e-con e-parent\" data-id=\"cbcf082\" data-element_type=\"container\" data-settings=\"{&quot;background_background&quot;:&quot;classic&quot;}\">\n\t\t\t\t\t<div class=\"e-con-inner\">\n\t\t<div class=\"elementor-element elementor-element-53c6f6a e-con-full e-flex e-con e-child\" data-id=\"53c6f6a\" data-element_type=\"container\">\n\t\t\t\t<div class=\"elementor-element elementor-element-60f397f elementor-widget elementor-widget-heading\" data-id=\"60f397f\" data-element_type=\"widget\" data-widget_type=\"heading.default\">\n\t\t\t\t<div class=\"elementor-widget-container\">\n\t\t\t<style>\/*! elementor - v3.22.0 - 24-06-2024 *\/\n.elementor-heading-title{padding:0;margin:0;line-height:1}.elementor-widget-heading .elementor-heading-title[class*=elementor-size-]>a{color:inherit;font-size:inherit;line-height:inherit}.elementor-widget-heading .elementor-heading-title.elementor-size-small{font-size:15px}.elementor-widget-heading .elementor-heading-title.elementor-size-medium{font-size:19px}.elementor-widget-heading .elementor-heading-title.elementor-size-large{font-size:29px}.elementor-widget-heading .elementor-heading-title.elementor-size-xl{font-size:39px}.elementor-widget-heading .elementor-heading-title.elementor-size-xxl{font-size:59px}<\/style><h1 class=\"elementor-heading-title elementor-size-default\">Hizmetlerimiz<\/h1>\t\t<\/div>\n\t\t\t\t<\/div>\n\t\t\t\t<\/div>\n\t\t\t\t\t<\/div>\n\t\t\t\t<\/div>\n\t\t<div class=\"elementor-element elementor-element-b61b05b e-flex e-con-boxed e-con e-parent\" data-id=\"b61b05b\" data-element_type=\"container\" data-settings=\"{&quot;background_background&quot;:&quot;classic&quot;}\">\n\t\t\t\t\t<div class=\"e-con-inner\">\n\t\t\t\t<div class=\"elementor-element elementor-element-546e657 elementor-nav-menu--dropdown-mobile elementor-nav-menu__align-center elementor-nav-menu__text-align-aside elementor-nav-menu--toggle elementor-nav-menu--burger elementor-widget elementor-widget-nav-menu\" data-id=\"546e657\" data-element_type=\"widget\" data-settings=\"{&quot;layout&quot;:&quot;horizontal&quot;,&quot;submenu_icon&quot;:{&quot;value&quot;:&quot;&lt;svg class=\\&quot;e-font-icon-svg e-fas-caret-down\\&quot; viewBox=\\&quot;0 0 320 512\\&quot; xmlns=\\&quot;http:\\\/\\\/www.w3.org\\\/2000\\\/svg\\&quot;&gt;&lt;path d=\\&quot;M31.3 192h257.3c17.8 0 26.7 21.5 14.1 34.1L174.1 354.8c-7.8 7.8-20.5 7.8-28.3 0L17.2 226.1C4.6 213.5 13.5 192 31.3 192z\\&quot;&gt;&lt;\\\/path&gt;&lt;\\\/svg&gt;&quot;,&quot;library&quot;:&quot;fa-solid&quot;},&quot;toggle&quot;:&quot;burger&quot;}\" data-widget_type=\"nav-menu.default\">\n\t\t\t\t<div class=\"elementor-widget-container\">\n\t\t\t<link rel=\"stylesheet\" href=\"https:\/\/boyutgroup.net\/wp-content\/uploads\/elementor\/css\/custom-pro-widget-nav-menu.min.css?ver=1719326218\">\t\t\t<nav class=\"elementor-nav-menu--main elementor-nav-menu__container elementor-nav-menu--layout-horizontal e--pointer-underline e--animation-fade\">\n\t\t\t\t<ul id=\"menu-1-546e657\" class=\"elementor-nav-menu\"><li class=\"menu-item menu-item-type-custom menu-item-object-custom menu-item-2013\"><a target=\"_blank\" href=\"https:\/\/boyuthealth.com\/\" class=\"elementor-item menu-link\">Boyut Health<\/a><\/li>\n<li class=\"menu-item menu-item-type-post_type menu-item-object-page menu-item-1114\"><a href=\"https:\/\/boyutgroup.net\/tr\/meeting-event\/\" class=\"elementor-item menu-link\">Toplant\u0131 &amp; Etkinlikler<\/a><\/li>\n<li class=\"menu-item menu-item-type-post_type menu-item-object-page menu-item-1145\"><a href=\"https:\/\/boyutgroup.net\/tr\/tesvik\/\" class=\"elementor-item menu-link\">Te\u015fvik<\/a><\/li>\n<li class=\"menu-item menu-item-type-post_type menu-item-object-page menu-item-1172\"><a href=\"https:\/\/boyutgroup.net\/tr\/kongreler\/\" class=\"elementor-item menu-link\">Kongreler<\/a><\/li>\n<li class=\"menu-item menu-item-type-post_type menu-item-object-page menu-item-1261\"><a href=\"https:\/\/boyutgroup.net\/tr\/fair-exhibitions\/\" class=\"elementor-item menu-link\">Fuar ve Sergiler<\/a><\/li>\n<li class=\"menu-item menu-item-type-post_type menu-item-object-page menu-item-1291\"><a href=\"https:\/\/boyutgroup.net\/tr\/exclusive-services\/\" class=\"elementor-item menu-link\">\u00d6zel Hizmetler<\/a><\/li>\n<li class=\"menu-item menu-item-type-post_type menu-item-object-page menu-item-1306\"><a href=\"https:\/\/boyutgroup.net\/tr\/360-yaratici\/\" class=\"elementor-item menu-link\">360 Yarat\u0131c\u0131<\/a><\/li>\n<li class=\"menu-item menu-item-type-post_type menu-item-object-page menu-item-1921\"><a href=\"https:\/\/boyutgroup.net\/tr\/acikhava-reklam-alanlari\/\" class=\"elementor-item menu-link\">A\u00e7\u0131k Hava Reklamlar\u0131<\/a><\/li>\n<\/ul>\t\t\t<\/nav>\n\t\t\t\t\t<div class=\"elementor-menu-toggle\" role=\"button\" tabindex=\"0\" aria-label=\"Menu Toggle\" aria-expanded=\"false\">\n\t\t\t<svg aria-hidden=\"true\" role=\"presentation\" class=\"elementor-menu-toggle__icon--open e-font-icon-svg e-eicon-menu-bar\" viewbox=\"0 0 1000 1000\" xmlns=\"http:\/\/www.w3.org\/2000\/svg\"><path d=\"M104 333H896C929 333 958 304 958 271S929 208 896 208H104C71 208 42 237 42 271S71 333 104 333ZM104 583H896C929 583 958 554 958 521S929 458 896 458H104C71 458 42 487 42 521S71 583 104 583ZM104 833H896C929 833 958 804 958 771S929 708 896 708H104C71 708 42 737 42 771S71 833 104 833Z\"><\/path><\/svg><svg aria-hidden=\"true\" role=\"presentation\" class=\"elementor-menu-toggle__icon--close e-font-icon-svg e-eicon-close\" viewbox=\"0 0 1000 1000\" xmlns=\"http:\/\/www.w3.org\/2000\/svg\"><path d=\"M742 167L500 408 258 167C246 154 233 150 217 150 196 150 179 158 167 167 154 179 150 196 150 212 150 229 154 242 171 254L408 500 167 742C138 771 138 800 167 829 196 858 225 858 254 829L496 587 738 829C750 842 767 846 783 846 800 846 817 842 829 829 842 817 846 804 846 783 846 767 842 750 829 737L588 500 833 258C863 229 863 200 833 171 804 137 775 137 742 167Z\"><\/path><\/svg>\t\t\t<span class=\"elementor-screen-only\">Menu<\/span>\n\t\t<\/div>\n\t\t\t\t\t<nav class=\"elementor-nav-menu--dropdown elementor-nav-menu__container\" aria-hidden=\"true\">\n\t\t\t\t<ul id=\"menu-2-546e657\" class=\"elementor-nav-menu\"><li class=\"menu-item menu-item-type-custom menu-item-object-custom menu-item-2013\"><a target=\"_blank\" href=\"https:\/\/boyuthealth.com\/\" class=\"elementor-item menu-link\" tabindex=\"-1\">Boyut Health<\/a><\/li>\n<li class=\"menu-item menu-item-type-post_type menu-item-object-page menu-item-1114\"><a href=\"https:\/\/boyutgroup.net\/tr\/meeting-event\/\" class=\"elementor-item menu-link\" tabindex=\"-1\">Toplant\u0131 &amp; Etkinlikler<\/a><\/li>\n<li class=\"menu-item menu-item-type-post_type menu-item-object-page menu-item-1145\"><a href=\"https:\/\/boyutgroup.net\/tr\/tesvik\/\" class=\"elementor-item menu-link\" tabindex=\"-1\">Te\u015fvik<\/a><\/li>\n<li class=\"menu-item menu-item-type-post_type menu-item-object-page menu-item-1172\"><a href=\"https:\/\/boyutgroup.net\/tr\/kongreler\/\" class=\"elementor-item menu-link\" tabindex=\"-1\">Kongreler<\/a><\/li>\n<li class=\"menu-item menu-item-type-post_type menu-item-object-page menu-item-1261\"><a href=\"https:\/\/boyutgroup.net\/tr\/fair-exhibitions\/\" class=\"elementor-item menu-link\" tabindex=\"-1\">Fuar ve Sergiler<\/a><\/li>\n<li class=\"menu-item menu-item-type-post_type menu-item-object-page menu-item-1291\"><a href=\"https:\/\/boyutgroup.net\/tr\/exclusive-services\/\" class=\"elementor-item menu-link\" tabindex=\"-1\">\u00d6zel Hizmetler<\/a><\/li>\n<li class=\"menu-item menu-item-type-post_type menu-item-object-page menu-item-1306\"><a href=\"https:\/\/boyutgroup.net\/tr\/360-yaratici\/\" class=\"elementor-item menu-link\" tabindex=\"-1\">360 Yarat\u0131c\u0131<\/a><\/li>\n<li class=\"menu-item menu-item-type-post_type menu-item-object-page menu-item-1921\"><a href=\"https:\/\/boyutgroup.net\/tr\/acikhava-reklam-alanlari\/\" class=\"elementor-item menu-link\" tabindex=\"-1\">A\u00e7\u0131k Hava Reklamlar\u0131<\/a><\/li>\n<\/ul>\t\t\t<\/nav>\n\t\t\t\t<\/div>\n\t\t\t\t<\/div>\n\t\t\t\t\t<\/div>\n\t\t\t\t<\/div>\n\t\t<div class=\"elementor-element elementor-element-c3f60ef e-flex e-con-boxed e-con e-parent\" data-id=\"c3f60ef\" data-element_type=\"container\">\n\t\t\t\t\t<div class=\"e-con-inner\">\n\t\t\t\t<div class=\"elementor-element elementor-element-1cc8a45 elementor-widget elementor-widget-heading\" data-id=\"1cc8a45\" data-element_type=\"widget\" data-widget_type=\"heading.default\">\n\t\t\t\t<div class=\"elementor-widget-container\">\n\t\t\t<h1 class=\"elementor-heading-title elementor-size-default\">Kongreler<\/h1>\t\t<\/div>\n\t\t\t\t<\/div>\n\t\t\t\t\t<\/div>\n\t\t\t\t<\/div>\n\t\t<div class=\"elementor-element elementor-element-6841cc4 e-flex e-con-boxed e-con e-parent\" data-id=\"6841cc4\" data-element_type=\"container\">\n\t\t\t\t\t<div class=\"e-con-inner\">\n\t\t<div class=\"elementor-element elementor-element-8110956 e-con-full e-flex e-con e-child\" data-id=\"8110956\" data-element_type=\"container\">\n\t\t\t\t<div class=\"elementor-element elementor-element-a3757fe elementor-widget elementor-widget-image\" data-id=\"a3757fe\" data-element_type=\"widget\" data-widget_type=\"image.default\">\n\t\t\t\t<div class=\"elementor-widget-container\">\n\t\t\t<style>\/*! elementor - v3.22.0 - 24-06-2024 *\/\n.elementor-widget-image{text-align:center}.elementor-widget-image a{display:inline-block}.elementor-widget-image a img[src$=\".svg\"]{width:48px}.elementor-widget-image img{vertical-align:middle;display:inline-block}<\/style>\t\t\t\t\t\t\t\t\t\t<img fetchpriority=\"high\" decoding=\"async\" width=\"564\" height=\"376\" src=\"https:\/\/boyutgroup.net\/wp-content\/uploads\/2024\/02\/congress.jpg\" class=\"attachment-large size-large wp-image-1516\" alt=\"\" srcset=\"https:\/\/boyutgroup.net\/wp-content\/uploads\/2024\/02\/congress.jpg 564w, https:\/\/boyutgroup.net\/wp-content\/uploads\/2024\/02\/congress-300x200.jpg 300w\" sizes=\"(max-width: 564px) 100vw, 564px\" \/>\t\t\t\t\t\t\t\t\t\t\t\t\t<\/div>\n\t\t\t\t<\/div>\n\t\t\t\t<\/div>\n\t\t<div class=\"elementor-element elementor-element-2c4fa66 e-con-full e-flex e-con e-child\" data-id=\"2c4fa66\" data-element_type=\"container\">\n\t\t\t\t<div class=\"elementor-element elementor-element-12c8114 elementor-widget elementor-widget-heading\" data-id=\"12c8114\" data-element_type=\"widget\" data-widget_type=\"heading.default\">\n\t\t\t\t<div class=\"elementor-widget-container\">\n\t\t\t<h4 class=\"elementor-heading-title elementor-size-default\">Kongre D\u00fczenlemek Uzman Bir Ekip ve Y\u00f6nlendirme Gerektirir<\/h4>\t\t<\/div>\n\t\t\t\t<\/div>\n\t\t\t\t<div class=\"elementor-element elementor-element-73b413f elementor-widget elementor-widget-heading\" data-id=\"73b413f\" data-element_type=\"widget\" data-widget_type=\"heading.default\">\n\t\t\t\t<div class=\"elementor-widget-container\">\n\t\t\t<h3 class=\"elementor-heading-title elementor-size-default\">Bir i\u015f yap\u0131l\u0131rken ama\u00e7lar kadar ara\u00e7lar da \u00f6nemlidir. 19 y\u0131ld\u0131r yurt i\u00e7i ve yurt d\u0131\u015f\u0131 bir\u00e7ok kongre d\u00fczenledik ve d\u00fczenlemeye devam edece\u011fiz.<\/h3>\t\t<\/div>\n\t\t\t\t<\/div>\n\t\t\t\t<div class=\"elementor-element elementor-element-8a9feb6 elementor-widget elementor-widget-text-editor\" data-id=\"8a9feb6\" data-element_type=\"widget\" data-widget_type=\"text-editor.default\">\n\t\t\t\t<div class=\"elementor-widget-container\">\n\t\t\t<style>\/*! elementor - v3.22.0 - 24-06-2024 *\/\n.elementor-widget-text-editor.elementor-drop-cap-view-stacked .elementor-drop-cap{background-color:#69727d;color:#fff}.elementor-widget-text-editor.elementor-drop-cap-view-framed .elementor-drop-cap{color:#69727d;border:3px solid;background-color:transparent}.elementor-widget-text-editor:not(.elementor-drop-cap-view-default) .elementor-drop-cap{margin-top:8px}.elementor-widget-text-editor:not(.elementor-drop-cap-view-default) .elementor-drop-cap-letter{width:1em;height:1em}.elementor-widget-text-editor .elementor-drop-cap{float:left;text-align:center;line-height:1;font-size:50px}.elementor-widget-text-editor .elementor-drop-cap-letter{display:inline-block}<\/style>\t\t\t\t<ul><li>Kongre Planlama ve B\u00fct\u00e7eleme Hizmetleri<\/li><li>Kongre Web Sayfas\u0131 Tasar\u0131m\u0131 ve Uygulama Hizmetleri<\/li><li>Da\u011f\u0131t\u0131m Listesi Olu\u015fturma<\/li><li>Kongre Bro\u015f\u00fcr\u00fcn\u00fcn Haz\u0131rlanmas\u0131 ve \u0130lk Duyuru<\/li><li>Kongre Posteri Haz\u0131rlanmas\u0131, Ba\u015fvurusu ve Da\u011f\u0131t\u0131m\u0131<\/li><li>Kongre PR Hizmetleri<\/li><li>Sponsorluk Sunumu Dosyas\u0131n\u0131n Haz\u0131rlanmas\u0131<\/li><li>Sponsorluk \u0130leti\u015fimlerinin Y\u00f6netimi<\/li><li>\u0130kinci Duyuru<\/li><li>Kongre Kay\u0131tlar\u0131<\/li><li>Kongre \u00d6zeti ve Program Kitap\u00e7\u0131\u011f\u0131n\u0131n Haz\u0131rlanmas\u0131<\/li><li>Konaklama Hizmetleri<\/li><li>Kongre Merkezi ve Salon Hizmetleri<\/li><li>Stand Tasar\u0131m\u0131 ve Uygulamas\u0131<\/li><li>Host ve Hostes Hizmetleri<\/li><li>Sekreterlik Hizmetleri<\/li><li>VIP Hizmetler<\/li><li>Sim\u00fcltane \u00c7eviri Hizmetleri<\/li><li>Teknik Ekipman Hizmetleri<\/li><li>A\u011f \u2013 Bili\u015fim Hizmetleri<\/li><li>Poster Salonu Hizmetleri<\/li><li>Promosyon \u00dcr\u00fcnleri Hizmetleri<\/li><li>Ula\u015f\u0131m ve Shuttle Hizmetleri<\/li><li>Kar\u015f\u0131lama Hizmetleri<\/li><li>Gala Organizasyonu<\/li><li>Kongre Raporlama Hizmetleri<\/li><li>Kongre Kitap\u00e7\u0131\u011f\u0131n\u0131n Haz\u0131rlanmas\u0131, Ba\u015fvurusu ve Da\u011f\u0131t\u0131m\u0131<\/li><\/ul>\t\t\t\t\t\t<\/div>\n\t\t\t\t<\/div>\n\t\t\t\t<\/div>\n\t\t\t\t\t<\/div>\n\t\t\t\t<\/div>\n\t\t\t\t<section class=\"elementor-section elementor-top-section elementor-element elementor-element-5f576ddf elementor-section-content-middle elementor-section-boxed elementor-section-height-default elementor-section-height-default\" data-id=\"5f576ddf\" data-element_type=\"section\" data-settings=\"{&quot;background_background&quot;:&quot;classic&quot;}\">\n\t\t\t\t\t\t\t<div class=\"elementor-background-overlay\"><\/div>\n\t\t\t\t\t\t\t<div class=\"elementor-container elementor-column-gap-no\">\n\t\t\t\t\t<div class=\"elementor-column elementor-col-25 elementor-top-column elementor-element elementor-element-1283092a\" data-id=\"1283092a\" data-element_type=\"column\">\n\t\t\t<div class=\"elementor-widget-wrap elementor-element-populated\">\n\t\t\t\t<div class=\"elementor-element elementor-element-9a16ada e-con-full e-flex e-con e-parent\" data-id=\"9a16ada\" data-element_type=\"container\">\n\t\t<div class=\"elementor-element elementor-element-1d5cf9bb e-con-full e-flex e-con e-child\" data-id=\"1d5cf9bb\" data-element_type=\"container\">\n\t\t\t\t<div class=\"elementor-element elementor-element-22c124e1 elementor-widget elementor-widget-counter\" data-id=\"22c124e1\" data-element_type=\"widget\" data-widget_type=\"counter.default\">\n\t\t\t\t<div class=\"elementor-widget-container\">\n\t\t\t<style>\/*! elementor - v3.22.0 - 24-06-2024 *\/\n.elementor-counter{display:flex;justify-content:center;align-items:stretch;flex-direction:column-reverse}.elementor-counter .elementor-counter-number{flex-grow:var(--counter-number-grow,0)}.elementor-counter .elementor-counter-number-wrapper{flex:1;display:flex;font-size:69px;font-weight:600;line-height:1;text-align:center}.elementor-counter .elementor-counter-number-prefix{text-align:end;flex-grow:var(--counter-prefix-grow,1);white-space:pre-wrap}.elementor-counter .elementor-counter-number-suffix{text-align:start;flex-grow:var(--counter-suffix-grow,1);white-space:pre-wrap}.elementor-counter .elementor-counter-title{flex:1;display:flex;justify-content:center;align-items:center;margin:0;padding:0;font-size:19px;font-weight:400;line-height:2.5}<\/style>\t\t<div class=\"elementor-counter\">\n\t\t\t\t\t\t<div class=\"elementor-counter-number-wrapper\">\n\t\t\t\t<span class=\"elementor-counter-number-prefix\"><\/span>\n\t\t\t\t<span class=\"elementor-counter-number\" data-duration=\"2000\" data-to-value=\"1000\" data-from-value=\"960\" data-delimiter=\",\">960<\/span>\n\t\t\t\t<span class=\"elementor-counter-number-suffix\">+<\/span>\n\t\t\t<\/div>\n\t\t<\/div>\n\t\t\t\t<\/div>\n\t\t\t\t<\/div>\n\t\t\t\t<\/div>\n\t\t<div class=\"elementor-element elementor-element-20b08204 e-con-full e-flex e-con e-child\" data-id=\"20b08204\" data-element_type=\"container\">\n\t\t\t\t<div class=\"elementor-element elementor-element-a31a171 elementor-widget elementor-widget-heading\" data-id=\"a31a171\" data-element_type=\"widget\" data-widget_type=\"heading.default\">\n\t\t\t\t<div class=\"elementor-widget-container\">\n\t\t\t<div class=\"elementor-heading-title elementor-size-default\">Etkinlik<\/div>\t\t<\/div>\n\t\t\t\t<\/div>\n\t\t\t\t<\/div>\n\t\t\t\t<\/div>\n\t\t\t\t\t<\/div>\n\t\t<\/div>\n\t\t\t\t<div class=\"elementor-column elementor-col-25 elementor-top-column elementor-element elementor-element-7be0a31\" data-id=\"7be0a31\" data-element_type=\"column\">\n\t\t\t<div class=\"elementor-widget-wrap elementor-element-populated\">\n\t\t\t\t<div class=\"elementor-element elementor-element-6e01fe02 e-con-full e-flex e-con e-parent\" data-id=\"6e01fe02\" data-element_type=\"container\">\n\t\t<div class=\"elementor-element elementor-element-3728667d e-con-full e-flex e-con e-child\" data-id=\"3728667d\" data-element_type=\"container\">\n\t\t\t\t<div class=\"elementor-element elementor-element-29d221e4 elementor-widget__width-initial elementor-widget elementor-widget-counter\" data-id=\"29d221e4\" data-element_type=\"widget\" data-widget_type=\"counter.default\">\n\t\t\t\t<div class=\"elementor-widget-container\">\n\t\t\t\t\t<div class=\"elementor-counter\">\n\t\t\t\t\t\t<div class=\"elementor-counter-number-wrapper\">\n\t\t\t\t<span class=\"elementor-counter-number-prefix\"><\/span>\n\t\t\t\t<span class=\"elementor-counter-number\" data-duration=\"2000\" data-to-value=\"570\" data-from-value=\"500\" data-delimiter=\",\">500<\/span>\n\t\t\t\t<span class=\"elementor-counter-number-suffix\">+<\/span>\n\t\t\t<\/div>\n\t\t<\/div>\n\t\t\t\t<\/div>\n\t\t\t\t<\/div>\n\t\t\t\t<\/div>\n\t\t<div class=\"elementor-element elementor-element-4fe4070f e-con-full e-flex e-con e-child\" data-id=\"4fe4070f\" data-element_type=\"container\">\n\t\t\t\t<div class=\"elementor-element elementor-element-26a0e8a6 elementor-widget elementor-widget-heading\" data-id=\"26a0e8a6\" data-element_type=\"widget\" data-widget_type=\"heading.default\">\n\t\t\t\t<div class=\"elementor-widget-container\">\n\t\t\t<div class=\"elementor-heading-title elementor-size-default\">Fuar ve Sergi<\/div>\t\t<\/div>\n\t\t\t\t<\/div>\n\t\t\t\t<\/div>\n\t\t\t\t<\/div>\n\t\t\t\t\t<\/div>\n\t\t<\/div>\n\t\t\t\t<div class=\"elementor-column elementor-col-25 elementor-top-column elementor-element elementor-element-9160d9c\" data-id=\"9160d9c\" data-element_type=\"column\">\n\t\t\t<div class=\"elementor-widget-wrap elementor-element-populated\">\n\t\t\t\t<div class=\"elementor-element elementor-element-3a3ba387 e-con-full e-flex e-con e-parent\" data-id=\"3a3ba387\" data-element_type=\"container\">\n\t\t<div class=\"elementor-element elementor-element-c848216 e-con-full e-flex e-con e-child\" data-id=\"c848216\" data-element_type=\"container\">\n\t\t\t\t<div class=\"elementor-element elementor-element-45219131 elementor-widget__width-initial elementor-widget elementor-widget-counter\" data-id=\"45219131\" data-element_type=\"widget\" data-widget_type=\"counter.default\">\n\t\t\t\t<div class=\"elementor-widget-container\">\n\t\t\t\t\t<div class=\"elementor-counter\">\n\t\t\t\t\t\t<div class=\"elementor-counter-number-wrapper\">\n\t\t\t\t<span class=\"elementor-counter-number-prefix\"><\/span>\n\t\t\t\t<span class=\"elementor-counter-number\" data-duration=\"2000\" data-to-value=\"330\" data-from-value=\"300\" data-delimiter=\",\">300<\/span>\n\t\t\t\t<span class=\"elementor-counter-number-suffix\">+<\/span>\n\t\t\t<\/div>\n\t\t<\/div>\n\t\t\t\t<\/div>\n\t\t\t\t<\/div>\n\t\t\t\t<\/div>\n\t\t<div class=\"elementor-element elementor-element-1cfdbe0d e-con-full e-flex e-con e-child\" data-id=\"1cfdbe0d\" data-element_type=\"container\">\n\t\t\t\t<div class=\"elementor-element elementor-element-6c5e51b1 elementor-widget elementor-widget-heading\" data-id=\"6c5e51b1\" data-element_type=\"widget\" data-widget_type=\"heading.default\">\n\t\t\t\t<div class=\"elementor-widget-container\">\n\t\t\t<div class=\"elementor-heading-title elementor-size-default\">Kongre<\/div>\t\t<\/div>\n\t\t\t\t<\/div>\n\t\t\t\t<\/div>\n\t\t\t\t<\/div>\n\t\t\t\t\t<\/div>\n\t\t<\/div>\n\t\t\t\t<div class=\"elementor-column elementor-col-25 elementor-top-column elementor-element elementor-element-32d7f53e\" data-id=\"32d7f53e\" data-element_type=\"column\">\n\t\t\t<div class=\"elementor-widget-wrap elementor-element-populated\">\n\t\t\t\t<div class=\"elementor-element elementor-element-3a7816a7 e-con-full e-flex e-con e-parent\" data-id=\"3a7816a7\" data-element_type=\"container\">\n\t\t<div class=\"elementor-element elementor-element-77f53aac e-con-full e-flex e-con e-child\" data-id=\"77f53aac\" data-element_type=\"container\">\n\t\t\t\t<div class=\"elementor-element elementor-element-1653f2fb elementor-widget__width-initial elementor-widget elementor-widget-counter\" data-id=\"1653f2fb\" data-element_type=\"widget\" data-widget_type=\"counter.default\">\n\t\t\t\t<div class=\"elementor-widget-container\">\n\t\t\t\t\t<div class=\"elementor-counter\">\n\t\t\t\t\t\t<div class=\"elementor-counter-number-wrapper\">\n\t\t\t\t<span class=\"elementor-counter-number-prefix\"><\/span>\n\t\t\t\t<span class=\"elementor-counter-number\" data-duration=\"2000\" data-to-value=\"3\" data-from-value=\"1\" data-delimiter=\",\">1<\/span>\n\t\t\t\t<span class=\"elementor-counter-number-suffix\">M+<\/span>\n\t\t\t<\/div>\n\t\t<\/div>\n\t\t\t\t<\/div>\n\t\t\t\t<\/div>\n\t\t\t\t<\/div>\n\t\t<div class=\"elementor-element elementor-element-3bb0c83b e-con-full e-flex e-con e-child\" data-id=\"3bb0c83b\" data-element_type=\"container\">\n\t\t\t\t<div class=\"elementor-element elementor-element-48f1d85c elementor-widget elementor-widget-heading\" data-id=\"48f1d85c\" data-element_type=\"widget\" data-widget_type=\"heading.default\">\n\t\t\t\t<div class=\"elementor-widget-container\">\n\t\t\t<div class=\"elementor-heading-title elementor-size-default\">Kat\u0131l\u0131mc\u0131<\/div>\t\t<\/div>\n\t\t\t\t<\/div>\n\t\t\t\t<\/div>\n\t\t\t\t<\/div>\n\t\t\t\t\t<\/div>\n\t\t<\/div>\n\t\t\t\t\t<\/div>\n\t\t<\/section>\n\t\t\t\t<\/div>","protected":false},"excerpt":{"rendered":"<p>Our Services Congress Organising A Congress Requires An Expert Team And Direction When a job is being done, means are as important as the ends. For 19 years we have organised many domestic and international congresses and we will continue to do so. Congress Planning and Budgeting Services Congress Webpage Design and Application Services Distribution [&hellip;]<\/p>","protected":false},"author":1,"featured_media":0,"parent":0,"menu_order":0,"comment_status":"closed","ping_status":"closed","template":"","meta":{"site-sidebar-layout":"no-sidebar","site-content-layout":"page-builder","ast-site-content-layout":"full-width-container","site-content-style":"unboxed","site-sidebar-style":"unboxed","ast-global-header-display":"","ast-banner-title-visibility":"","ast-main-header-display":"","ast-hfb-above-header-display":"","ast-hfb-below-header-display":"","ast-hfb-mobile-header-display":"","site-post-title":"disabled","ast-breadcrumbs-content":"","ast-featured-img":"disabled","footer-sml-layout":"","theme-transparent-header-meta":"enabled","adv-header-id-meta":"","stick-header-meta":"","header-above-stick-meta":"","header-main-stick-meta":"","header-below-stick-meta":"","astra-migrate-meta-layouts":"set","ast-page-background-enabled":"default","ast-page-background-meta":{"desktop":{"background-color":"","background-image":"","background-repeat":"repeat","background-position":"center center","background-size":"auto","background-attachment":"scroll","background-type":"","background-media":"","overlay-type":"","overlay-color":"","overlay-opacity":"","overlay-gradient":""},"tablet":{"background-color":"","background-image":"","background-repeat":"repeat","background-position":"center center","background-size":"auto","background-attachment":"scroll","background-type":"","background-media":"","overlay-type":"","overlay-color":"","overlay-opacity":"","overlay-gradient":""},"mobile":{"background-color":"","background-image":"","background-repeat":"repeat","background-position":"center center","background-size":"auto","background-attachment":"scroll","background-type":"","background-media":"","overlay-type":"","overlay-color":"","overlay-opacity":"","overlay-gradient":""}},"ast-content-background-meta":{"desktop":{"background-color":"var(--ast-global-color-5)","background-image":"","background-repeat":"repeat","background-position":"center center","background-size":"auto","background-attachment":"scroll","background-type":"","background-media":"","overlay-type":"","overlay-color":"","overlay-opacity":"","overlay-gradient":""},"tablet":{"background-color":"var(--ast-global-color-5)","background-image":"","background-repeat":"repeat","background-position":"center center","background-size":"auto","background-attachment":"scroll","background-type":"","background-media":"","overlay-type":"","overlay-color":"","overlay-opacity":"","overlay-gradient":""},"mobile":{"background-color":"var(--ast-global-color-5)","background-image":"","background-repeat":"repeat","background-position":"center center","background-size":"auto","background-attachment":"scroll","background-type":"","background-media":"","overlay-type":"","overlay-color":"","overlay-opacity":"","overlay-gradient":""}},"footnotes":""},"class_list":["post-1160","page","type-page","status-publish","hentry"],"_links":{"self":[{"href":"https:\/\/boyutgroup.net\/tr\/wp-json\/wp\/v2\/pages\/1160","targetHints":{"allow":["GET"]}}],"collection":[{"href":"https:\/\/boyutgroup.net\/tr\/wp-json\/wp\/v2\/pages"}],"about":[{"href":"https:\/\/boyutgroup.net\/tr\/wp-json\/wp\/v2\/types\/page"}],"author":[{"embeddable":true,"href":"https:\/\/boyutgroup.net\/tr\/wp-json\/wp\/v2\/users\/1"}],"replies":[{"embeddable":true,"href":"https:\/\/boyutgroup.net\/tr\/wp-json\/wp\/v2\/comments?post=1160"}],"version-history":[{"count":6,"href":"https:\/\/boyutgroup.net\/tr\/wp-json\/wp\/v2\/pages\/1160\/revisions"}],"predecessor-version":[{"id":1730,"href":"https:\/\/boyutgroup.net\/tr\/wp-json\/wp\/v2\/pages\/1160\/revisions\/1730"}],"wp:attachment":[{"href":"https:\/\/boyutgroup.net\/tr\/wp-json\/wp\/v2\/media?parent=1160"}],"curies":[{"name":"wp","href":"https:\/\/api.w.org\/{rel}","templated":true}]}}