{"id":1103,"date":"2024-02-03T09:10:45","date_gmt":"2024-02-03T09:10:45","guid":{"rendered":"https:\/\/boyutgroup.net\/?page_id=1103"},"modified":"2024-02-13T14:08:47","modified_gmt":"2024-02-13T11:08:47","slug":"meeting-event","status":"publish","type":"page","link":"https:\/\/boyutgroup.net\/tr\/meeting-event\/","title":{"rendered":"Toplant\u0131 &amp; Etkinlikler"},"content":{"rendered":"<div data-elementor-type=\"wp-post\" data-elementor-id=\"1103\" class=\"elementor elementor-1103\" data-elementor-post-type=\"page\">\n\t\t\t\t<div class=\"elementor-element elementor-element-cbcf082 e-flex e-con-boxed e-con e-parent\" data-id=\"cbcf082\" data-element_type=\"container\" data-settings=\"{&quot;background_background&quot;:&quot;classic&quot;}\">\n\t\t\t\t\t<div class=\"e-con-inner\">\n\t\t<div class=\"elementor-element elementor-element-53c6f6a e-con-full e-flex e-con e-child\" data-id=\"53c6f6a\" data-element_type=\"container\">\n\t\t\t\t<div class=\"elementor-element elementor-element-60f397f elementor-widget elementor-widget-heading\" data-id=\"60f397f\" data-element_type=\"widget\" data-widget_type=\"heading.default\">\n\t\t\t\t<div class=\"elementor-widget-container\">\n\t\t\t<style>\/*! elementor - v3.22.0 - 24-06-2024 *\/\n.elementor-heading-title{padding:0;margin:0;line-height:1}.elementor-widget-heading .elementor-heading-title[class*=elementor-size-]>a{color:inherit;font-size:inherit;line-height:inherit}.elementor-widget-heading .elementor-heading-title.elementor-size-small{font-size:15px}.elementor-widget-heading .elementor-heading-title.elementor-size-medium{font-size:19px}.elementor-widget-heading .elementor-heading-title.elementor-size-large{font-size:29px}.elementor-widget-heading .elementor-heading-title.elementor-size-xl{font-size:39px}.elementor-widget-heading .elementor-heading-title.elementor-size-xxl{font-size:59px}<\/style><h1 class=\"elementor-heading-title elementor-size-default\">Hizmetlerimiz<\/h1>\t\t<\/div>\n\t\t\t\t<\/div>\n\t\t\t\t<\/div>\n\t\t\t\t\t<\/div>\n\t\t\t\t<\/div>\n\t\t<div class=\"elementor-element elementor-element-b61b05b e-flex e-con-boxed e-con e-parent\" data-id=\"b61b05b\" data-element_type=\"container\" data-settings=\"{&quot;background_background&quot;:&quot;classic&quot;}\">\n\t\t\t\t\t<div class=\"e-con-inner\">\n\t\t\t\t<div class=\"elementor-element elementor-element-546e657 elementor-nav-menu--dropdown-mobile elementor-nav-menu__align-center elementor-nav-menu__text-align-aside elementor-nav-menu--toggle elementor-nav-menu--burger elementor-widget elementor-widget-nav-menu\" data-id=\"546e657\" data-element_type=\"widget\" data-settings=\"{&quot;layout&quot;:&quot;horizontal&quot;,&quot;submenu_icon&quot;:{&quot;value&quot;:&quot;&lt;svg class=\\&quot;e-font-icon-svg e-fas-caret-down\\&quot; viewBox=\\&quot;0 0 320 512\\&quot; xmlns=\\&quot;http:\\\/\\\/www.w3.org\\\/2000\\\/svg\\&quot;&gt;&lt;path d=\\&quot;M31.3 192h257.3c17.8 0 26.7 21.5 14.1 34.1L174.1 354.8c-7.8 7.8-20.5 7.8-28.3 0L17.2 226.1C4.6 213.5 13.5 192 31.3 192z\\&quot;&gt;&lt;\\\/path&gt;&lt;\\\/svg&gt;&quot;,&quot;library&quot;:&quot;fa-solid&quot;},&quot;toggle&quot;:&quot;burger&quot;}\" data-widget_type=\"nav-menu.default\">\n\t\t\t\t<div class=\"elementor-widget-container\">\n\t\t\t<link rel=\"stylesheet\" href=\"https:\/\/boyutgroup.net\/wp-content\/uploads\/elementor\/css\/custom-pro-widget-nav-menu.min.css?ver=1719326218\">\t\t\t<nav class=\"elementor-nav-menu--main elementor-nav-menu__container elementor-nav-menu--layout-horizontal e--pointer-underline e--animation-fade\">\n\t\t\t\t<ul id=\"menu-1-546e657\" class=\"elementor-nav-menu\"><li class=\"menu-item menu-item-type-custom menu-item-object-custom menu-item-2013\"><a target=\"_blank\" href=\"https:\/\/boyuthealth.com\/\" class=\"elementor-item menu-link\">Boyut Health<\/a><\/li>\n<li class=\"menu-item menu-item-type-post_type menu-item-object-page menu-item-1114\"><a href=\"https:\/\/boyutgroup.net\/tr\/meeting-event\/\" class=\"elementor-item menu-link\">Toplant\u0131 &amp; Etkinlikler<\/a><\/li>\n<li class=\"menu-item menu-item-type-post_type menu-item-object-page menu-item-1145\"><a href=\"https:\/\/boyutgroup.net\/tr\/tesvik\/\" class=\"elementor-item menu-link\">Te\u015fvik<\/a><\/li>\n<li class=\"menu-item menu-item-type-post_type menu-item-object-page menu-item-1172\"><a href=\"https:\/\/boyutgroup.net\/tr\/kongreler\/\" class=\"elementor-item menu-link\">Kongreler<\/a><\/li>\n<li class=\"menu-item menu-item-type-post_type menu-item-object-page menu-item-1261\"><a href=\"https:\/\/boyutgroup.net\/tr\/fair-exhibitions\/\" class=\"elementor-item menu-link\">Fuar ve Sergiler<\/a><\/li>\n<li class=\"menu-item menu-item-type-post_type menu-item-object-page menu-item-1291\"><a href=\"https:\/\/boyutgroup.net\/tr\/exclusive-services\/\" class=\"elementor-item menu-link\">\u00d6zel Hizmetler<\/a><\/li>\n<li class=\"menu-item menu-item-type-post_type menu-item-object-page menu-item-1306\"><a href=\"https:\/\/boyutgroup.net\/tr\/360-yaratici\/\" class=\"elementor-item menu-link\">360 Yarat\u0131c\u0131<\/a><\/li>\n<li class=\"menu-item menu-item-type-post_type menu-item-object-page menu-item-1921\"><a href=\"https:\/\/boyutgroup.net\/tr\/acikhava-reklam-alanlari\/\" class=\"elementor-item menu-link\">A\u00e7\u0131k Hava Reklamlar\u0131<\/a><\/li>\n<\/ul>\t\t\t<\/nav>\n\t\t\t\t\t<div class=\"elementor-menu-toggle\" role=\"button\" tabindex=\"0\" aria-label=\"Menu Toggle\" aria-expanded=\"false\">\n\t\t\t<svg aria-hidden=\"true\" role=\"presentation\" class=\"elementor-menu-toggle__icon--open e-font-icon-svg e-eicon-menu-bar\" viewbox=\"0 0 1000 1000\" xmlns=\"http:\/\/www.w3.org\/2000\/svg\"><path d=\"M104 333H896C929 333 958 304 958 271S929 208 896 208H104C71 208 42 237 42 271S71 333 104 333ZM104 583H896C929 583 958 554 958 521S929 458 896 458H104C71 458 42 487 42 521S71 583 104 583ZM104 833H896C929 833 958 804 958 771S929 708 896 708H104C71 708 42 737 42 771S71 833 104 833Z\"><\/path><\/svg><svg aria-hidden=\"true\" role=\"presentation\" class=\"elementor-menu-toggle__icon--close e-font-icon-svg e-eicon-close\" viewbox=\"0 0 1000 1000\" xmlns=\"http:\/\/www.w3.org\/2000\/svg\"><path d=\"M742 167L500 408 258 167C246 154 233 150 217 150 196 150 179 158 167 167 154 179 150 196 150 212 150 229 154 242 171 254L408 500 167 742C138 771 138 800 167 829 196 858 225 858 254 829L496 587 738 829C750 842 767 846 783 846 800 846 817 842 829 829 842 817 846 804 846 783 846 767 842 750 829 737L588 500 833 258C863 229 863 200 833 171 804 137 775 137 742 167Z\"><\/path><\/svg>\t\t\t<span class=\"elementor-screen-only\">Menu<\/span>\n\t\t<\/div>\n\t\t\t\t\t<nav class=\"elementor-nav-menu--dropdown elementor-nav-menu__container\" aria-hidden=\"true\">\n\t\t\t\t<ul id=\"menu-2-546e657\" class=\"elementor-nav-menu\"><li class=\"menu-item menu-item-type-custom menu-item-object-custom menu-item-2013\"><a target=\"_blank\" href=\"https:\/\/boyuthealth.com\/\" class=\"elementor-item menu-link\" tabindex=\"-1\">Boyut Health<\/a><\/li>\n<li class=\"menu-item menu-item-type-post_type menu-item-object-page menu-item-1114\"><a href=\"https:\/\/boyutgroup.net\/tr\/meeting-event\/\" class=\"elementor-item menu-link\" tabindex=\"-1\">Toplant\u0131 &amp; Etkinlikler<\/a><\/li>\n<li class=\"menu-item menu-item-type-post_type menu-item-object-page menu-item-1145\"><a href=\"https:\/\/boyutgroup.net\/tr\/tesvik\/\" class=\"elementor-item menu-link\" tabindex=\"-1\">Te\u015fvik<\/a><\/li>\n<li class=\"menu-item menu-item-type-post_type menu-item-object-page menu-item-1172\"><a href=\"https:\/\/boyutgroup.net\/tr\/kongreler\/\" class=\"elementor-item menu-link\" tabindex=\"-1\">Kongreler<\/a><\/li>\n<li class=\"menu-item menu-item-type-post_type menu-item-object-page menu-item-1261\"><a href=\"https:\/\/boyutgroup.net\/tr\/fair-exhibitions\/\" class=\"elementor-item menu-link\" tabindex=\"-1\">Fuar ve Sergiler<\/a><\/li>\n<li class=\"menu-item menu-item-type-post_type menu-item-object-page menu-item-1291\"><a href=\"https:\/\/boyutgroup.net\/tr\/exclusive-services\/\" class=\"elementor-item menu-link\" tabindex=\"-1\">\u00d6zel Hizmetler<\/a><\/li>\n<li class=\"menu-item menu-item-type-post_type menu-item-object-page menu-item-1306\"><a href=\"https:\/\/boyutgroup.net\/tr\/360-yaratici\/\" class=\"elementor-item menu-link\" tabindex=\"-1\">360 Yarat\u0131c\u0131<\/a><\/li>\n<li class=\"menu-item menu-item-type-post_type menu-item-object-page menu-item-1921\"><a href=\"https:\/\/boyutgroup.net\/tr\/acikhava-reklam-alanlari\/\" class=\"elementor-item menu-link\" tabindex=\"-1\">A\u00e7\u0131k Hava Reklamlar\u0131<\/a><\/li>\n<\/ul>\t\t\t<\/nav>\n\t\t\t\t<\/div>\n\t\t\t\t<\/div>\n\t\t\t\t\t<\/div>\n\t\t\t\t<\/div>\n\t\t<div class=\"elementor-element elementor-element-ae2e2a3 e-flex e-con-boxed e-con e-parent\" data-id=\"ae2e2a3\" data-element_type=\"container\">\n\t\t\t\t\t<div class=\"e-con-inner\">\n\t\t\t\t<div class=\"elementor-element elementor-element-876c1ed elementor-widget elementor-widget-heading\" data-id=\"876c1ed\" data-element_type=\"widget\" data-widget_type=\"heading.default\">\n\t\t\t\t<div class=\"elementor-widget-container\">\n\t\t\t<h1 class=\"elementor-heading-title elementor-size-default\">Toplant\u0131 &amp; Etkinlikler<\/h1>\t\t<\/div>\n\t\t\t\t<\/div>\n\t\t\t\t\t<\/div>\n\t\t\t\t<\/div>\n\t\t<div class=\"elementor-element elementor-element-6841cc4 e-flex e-con-boxed e-con e-parent\" data-id=\"6841cc4\" data-element_type=\"container\">\n\t\t\t\t\t<div class=\"e-con-inner\">\n\t\t<div class=\"elementor-element elementor-element-8110956 e-con-full e-flex e-con e-child\" data-id=\"8110956\" data-element_type=\"container\">\n\t\t\t\t<div class=\"elementor-element elementor-element-a3757fe elementor-widget elementor-widget-image\" data-id=\"a3757fe\" data-element_type=\"widget\" data-widget_type=\"image.default\">\n\t\t\t\t<div class=\"elementor-widget-container\">\n\t\t\t<style>\/*! elementor - v3.22.0 - 24-06-2024 *\/\n.elementor-widget-image{text-align:center}.elementor-widget-image a{display:inline-block}.elementor-widget-image a img[src$=\".svg\"]{width:48px}.elementor-widget-image img{vertical-align:middle;display:inline-block}<\/style>\t\t\t\t\t\t\t\t\t\t<img fetchpriority=\"high\" decoding=\"async\" width=\"851\" height=\"1024\" src=\"https:\/\/boyutgroup.net\/wp-content\/uploads\/2024\/02\/toplanti-851x1024.jpg\" class=\"attachment-large size-large wp-image-1105\" alt=\"\" srcset=\"https:\/\/boyutgroup.net\/wp-content\/uploads\/2024\/02\/toplanti-851x1024.jpg 851w, https:\/\/boyutgroup.net\/wp-content\/uploads\/2024\/02\/toplanti-249x300.jpg 249w, https:\/\/boyutgroup.net\/wp-content\/uploads\/2024\/02\/toplanti-768x924.jpg 768w, https:\/\/boyutgroup.net\/wp-content\/uploads\/2024\/02\/toplanti.jpg 1080w\" sizes=\"(max-width: 851px) 100vw, 851px\" \/>\t\t\t\t\t\t\t\t\t\t\t\t\t<\/div>\n\t\t\t\t<\/div>\n\t\t\t\t<\/div>\n\t\t<div class=\"elementor-element elementor-element-2c4fa66 e-con-full e-flex e-con e-child\" data-id=\"2c4fa66\" data-element_type=\"container\">\n\t\t\t\t<div class=\"elementor-element elementor-element-12c8114 elementor-widget elementor-widget-heading\" data-id=\"12c8114\" data-element_type=\"widget\" data-widget_type=\"heading.default\">\n\t\t\t\t<div class=\"elementor-widget-container\">\n\t\t\t<h4 class=\"elementor-heading-title elementor-size-default\">\u00c7\u0131\u011f\u0131r A\u00e7an Etkinlikler, Unutulmaz Hikayeler<\/h4>\t\t<\/div>\n\t\t\t\t<\/div>\n\t\t\t\t<div class=\"elementor-element elementor-element-73b413f elementor-widget elementor-widget-heading\" data-id=\"73b413f\" data-element_type=\"widget\" data-widget_type=\"heading.default\">\n\t\t\t\t<div class=\"elementor-widget-container\">\n\t\t\t<h3 class=\"elementor-heading-title elementor-size-default\">Etkinli\u011finizin veya Toplant\u0131n\u0131z\u0131n i\u00e7eri\u011fi i\u00e7in vizyonunuza uygun alternatifler sunarak sadece iyi sonu\u00e7 vermeyi de\u011fil, En \u0130yi Sonucu sa\u011flamay\u0131 hedefliyoruz!<\/h3>\t\t<\/div>\n\t\t\t\t<\/div>\n\t\t\t\t<div class=\"elementor-element elementor-element-8a9feb6 elementor-widget elementor-widget-text-editor\" data-id=\"8a9feb6\" data-element_type=\"widget\" data-widget_type=\"text-editor.default\">\n\t\t\t\t<div class=\"elementor-widget-container\">\n\t\t\t<style>\/*! elementor - v3.22.0 - 24-06-2024 *\/\n.elementor-widget-text-editor.elementor-drop-cap-view-stacked .elementor-drop-cap{background-color:#69727d;color:#fff}.elementor-widget-text-editor.elementor-drop-cap-view-framed .elementor-drop-cap{color:#69727d;border:3px solid;background-color:transparent}.elementor-widget-text-editor:not(.elementor-drop-cap-view-default) .elementor-drop-cap{margin-top:8px}.elementor-widget-text-editor:not(.elementor-drop-cap-view-default) .elementor-drop-cap-letter{width:1em;height:1em}.elementor-widget-text-editor .elementor-drop-cap{float:left;text-align:center;line-height:1;font-size:50px}.elementor-widget-text-editor .elementor-drop-cap-letter{display:inline-block}<\/style>\t\t\t\t<ul><li>\u0130htiya\u00e7lar\u0131n\u0131za G\u00f6re Konaklama Hizmetleri<\/li><li>Toplant\u0131 Konsept Geli\u015ftirme<\/li><li>Toplant\u0131 Kayd\u0131 ve Asistan Hizmetleri<\/li><li>Bas\u0131l\u0131 ve G\u00f6rsel Materyallere Y\u00f6nelik Yarat\u0131c\u0131 Tasar\u0131mlar<\/li><li>Bas\u0131l\u0131 Malzeme Uygulamas\u0131<\/li><li>Profesyonel Sahne Kurulum Hizmetleri<\/li><li>Kar\u015f\u0131lama Hizmetleri<\/li><li>Teknik Ekipman Hizmetleri<\/li><li>Sim\u00fcltane \u00c7eviri Hizmetleri<\/li><li>Bili\u015fim Hizmetleri<\/li><li>Sekreterlik Hizmetleri<\/li><li>Ula\u015f\u0131m ve Shuttle Hizmetleri<\/li><li>Promosyon \u00dcr\u00fcnleri Alternatifleri<\/li><li>VIP Hizmetler<\/li><\/ul>\t\t\t\t\t\t<\/div>\n\t\t\t\t<\/div>\n\t\t\t\t<\/div>\n\t\t\t\t\t<\/div>\n\t\t\t\t<\/div>\n\t\t\t\t<section class=\"elementor-section elementor-top-section elementor-element elementor-element-205e144d elementor-section-content-middle elementor-section-boxed elementor-section-height-default elementor-section-height-default\" data-id=\"205e144d\" data-element_type=\"section\" data-settings=\"{&quot;background_background&quot;:&quot;classic&quot;}\">\n\t\t\t\t\t\t\t<div class=\"elementor-background-overlay\"><\/div>\n\t\t\t\t\t\t\t<div class=\"elementor-container elementor-column-gap-no\">\n\t\t\t\t\t<div class=\"elementor-column elementor-col-25 elementor-top-column elementor-element elementor-element-2ffc6227\" data-id=\"2ffc6227\" data-element_type=\"column\">\n\t\t\t<div class=\"elementor-widget-wrap elementor-element-populated\">\n\t\t\t\t<div class=\"elementor-element elementor-element-62163b69 e-con-full e-flex e-con e-parent\" data-id=\"62163b69\" data-element_type=\"container\">\n\t\t<div class=\"elementor-element elementor-element-2e6b36a1 e-con-full e-flex e-con e-child\" data-id=\"2e6b36a1\" data-element_type=\"container\">\n\t\t\t\t<div class=\"elementor-element elementor-element-3f595be0 elementor-widget elementor-widget-counter\" data-id=\"3f595be0\" data-element_type=\"widget\" data-widget_type=\"counter.default\">\n\t\t\t\t<div class=\"elementor-widget-container\">\n\t\t\t<style>\/*! elementor - v3.22.0 - 24-06-2024 *\/\n.elementor-counter{display:flex;justify-content:center;align-items:stretch;flex-direction:column-reverse}.elementor-counter .elementor-counter-number{flex-grow:var(--counter-number-grow,0)}.elementor-counter .elementor-counter-number-wrapper{flex:1;display:flex;font-size:69px;font-weight:600;line-height:1;text-align:center}.elementor-counter .elementor-counter-number-prefix{text-align:end;flex-grow:var(--counter-prefix-grow,1);white-space:pre-wrap}.elementor-counter .elementor-counter-number-suffix{text-align:start;flex-grow:var(--counter-suffix-grow,1);white-space:pre-wrap}.elementor-counter .elementor-counter-title{flex:1;display:flex;justify-content:center;align-items:center;margin:0;padding:0;font-size:19px;font-weight:400;line-height:2.5}<\/style>\t\t<div class=\"elementor-counter\">\n\t\t\t\t\t\t<div class=\"elementor-counter-number-wrapper\">\n\t\t\t\t<span class=\"elementor-counter-number-prefix\"><\/span>\n\t\t\t\t<span class=\"elementor-counter-number\" data-duration=\"2000\" data-to-value=\"1000\" data-from-value=\"960\" data-delimiter=\",\">960<\/span>\n\t\t\t\t<span class=\"elementor-counter-number-suffix\">+<\/span>\n\t\t\t<\/div>\n\t\t<\/div>\n\t\t\t\t<\/div>\n\t\t\t\t<\/div>\n\t\t\t\t<\/div>\n\t\t<div class=\"elementor-element elementor-element-5d051861 e-con-full e-flex e-con e-child\" data-id=\"5d051861\" data-element_type=\"container\">\n\t\t\t\t<div class=\"elementor-element elementor-element-3a55da39 elementor-widget elementor-widget-heading\" data-id=\"3a55da39\" data-element_type=\"widget\" data-widget_type=\"heading.default\">\n\t\t\t\t<div class=\"elementor-widget-container\">\n\t\t\t<div class=\"elementor-heading-title elementor-size-default\">Etkinlik<\/div>\t\t<\/div>\n\t\t\t\t<\/div>\n\t\t\t\t<\/div>\n\t\t\t\t<\/div>\n\t\t\t\t\t<\/div>\n\t\t<\/div>\n\t\t\t\t<div class=\"elementor-column elementor-col-25 elementor-top-column elementor-element elementor-element-17fb7d09\" data-id=\"17fb7d09\" data-element_type=\"column\">\n\t\t\t<div class=\"elementor-widget-wrap elementor-element-populated\">\n\t\t\t\t<div class=\"elementor-element elementor-element-1ebeaf72 e-con-full e-flex e-con e-parent\" data-id=\"1ebeaf72\" data-element_type=\"container\">\n\t\t<div class=\"elementor-element elementor-element-e7065ca e-con-full e-flex e-con e-child\" data-id=\"e7065ca\" data-element_type=\"container\">\n\t\t\t\t<div class=\"elementor-element elementor-element-6cf03c7b elementor-widget__width-initial elementor-widget elementor-widget-counter\" data-id=\"6cf03c7b\" data-element_type=\"widget\" data-widget_type=\"counter.default\">\n\t\t\t\t<div class=\"elementor-widget-container\">\n\t\t\t\t\t<div class=\"elementor-counter\">\n\t\t\t\t\t\t<div class=\"elementor-counter-number-wrapper\">\n\t\t\t\t<span class=\"elementor-counter-number-prefix\"><\/span>\n\t\t\t\t<span class=\"elementor-counter-number\" data-duration=\"2000\" data-to-value=\"570\" data-from-value=\"500\" data-delimiter=\",\">500<\/span>\n\t\t\t\t<span class=\"elementor-counter-number-suffix\">+<\/span>\n\t\t\t<\/div>\n\t\t<\/div>\n\t\t\t\t<\/div>\n\t\t\t\t<\/div>\n\t\t\t\t<\/div>\n\t\t<div class=\"elementor-element elementor-element-593ce800 e-con-full e-flex e-con e-child\" data-id=\"593ce800\" data-element_type=\"container\">\n\t\t\t\t<div class=\"elementor-element elementor-element-177358ad elementor-widget elementor-widget-heading\" data-id=\"177358ad\" data-element_type=\"widget\" data-widget_type=\"heading.default\">\n\t\t\t\t<div class=\"elementor-widget-container\">\n\t\t\t<div class=\"elementor-heading-title elementor-size-default\">Fuar ve Sergi<\/div>\t\t<\/div>\n\t\t\t\t<\/div>\n\t\t\t\t<\/div>\n\t\t\t\t<\/div>\n\t\t\t\t\t<\/div>\n\t\t<\/div>\n\t\t\t\t<div class=\"elementor-column elementor-col-25 elementor-top-column elementor-element elementor-element-5cc612ef\" data-id=\"5cc612ef\" data-element_type=\"column\">\n\t\t\t<div class=\"elementor-widget-wrap elementor-element-populated\">\n\t\t\t\t<div class=\"elementor-element elementor-element-3deb1055 e-con-full e-flex e-con e-parent\" data-id=\"3deb1055\" data-element_type=\"container\">\n\t\t<div class=\"elementor-element elementor-element-2f058c68 e-con-full e-flex e-con e-child\" data-id=\"2f058c68\" data-element_type=\"container\">\n\t\t\t\t<div class=\"elementor-element elementor-element-2aa3a611 elementor-widget__width-initial elementor-widget elementor-widget-counter\" data-id=\"2aa3a611\" data-element_type=\"widget\" data-widget_type=\"counter.default\">\n\t\t\t\t<div class=\"elementor-widget-container\">\n\t\t\t\t\t<div class=\"elementor-counter\">\n\t\t\t\t\t\t<div class=\"elementor-counter-number-wrapper\">\n\t\t\t\t<span class=\"elementor-counter-number-prefix\"><\/span>\n\t\t\t\t<span class=\"elementor-counter-number\" data-duration=\"2000\" data-to-value=\"330\" data-from-value=\"300\" data-delimiter=\",\">300<\/span>\n\t\t\t\t<span class=\"elementor-counter-number-suffix\">+<\/span>\n\t\t\t<\/div>\n\t\t<\/div>\n\t\t\t\t<\/div>\n\t\t\t\t<\/div>\n\t\t\t\t<\/div>\n\t\t<div class=\"elementor-element elementor-element-5c906a05 e-con-full e-flex e-con e-child\" data-id=\"5c906a05\" data-element_type=\"container\">\n\t\t\t\t<div class=\"elementor-element elementor-element-10ef3cc0 elementor-widget elementor-widget-heading\" data-id=\"10ef3cc0\" data-element_type=\"widget\" data-widget_type=\"heading.default\">\n\t\t\t\t<div class=\"elementor-widget-container\">\n\t\t\t<div class=\"elementor-heading-title elementor-size-default\">Kongre<\/div>\t\t<\/div>\n\t\t\t\t<\/div>\n\t\t\t\t<\/div>\n\t\t\t\t<\/div>\n\t\t\t\t\t<\/div>\n\t\t<\/div>\n\t\t\t\t<div class=\"elementor-column elementor-col-25 elementor-top-column elementor-element elementor-element-1f42e31b\" data-id=\"1f42e31b\" data-element_type=\"column\">\n\t\t\t<div class=\"elementor-widget-wrap elementor-element-populated\">\n\t\t\t\t<div class=\"elementor-element elementor-element-3c6dafc4 e-con-full e-flex e-con e-parent\" data-id=\"3c6dafc4\" data-element_type=\"container\">\n\t\t<div class=\"elementor-element elementor-element-44a3aaba e-con-full e-flex e-con e-child\" data-id=\"44a3aaba\" data-element_type=\"container\">\n\t\t\t\t<div class=\"elementor-element elementor-element-6e64f981 elementor-widget__width-initial elementor-widget elementor-widget-counter\" data-id=\"6e64f981\" data-element_type=\"widget\" data-widget_type=\"counter.default\">\n\t\t\t\t<div class=\"elementor-widget-container\">\n\t\t\t\t\t<div class=\"elementor-counter\">\n\t\t\t\t\t\t<div class=\"elementor-counter-number-wrapper\">\n\t\t\t\t<span class=\"elementor-counter-number-prefix\"><\/span>\n\t\t\t\t<span class=\"elementor-counter-number\" data-duration=\"2000\" data-to-value=\"3\" data-from-value=\"1\" data-delimiter=\",\">1<\/span>\n\t\t\t\t<span class=\"elementor-counter-number-suffix\">M+<\/span>\n\t\t\t<\/div>\n\t\t<\/div>\n\t\t\t\t<\/div>\n\t\t\t\t<\/div>\n\t\t\t\t<\/div>\n\t\t<div class=\"elementor-element elementor-element-4572a930 e-con-full e-flex e-con e-child\" data-id=\"4572a930\" data-element_type=\"container\">\n\t\t\t\t<div class=\"elementor-element elementor-element-1d65166e elementor-widget elementor-widget-heading\" data-id=\"1d65166e\" data-element_type=\"widget\" data-widget_type=\"heading.default\">\n\t\t\t\t<div class=\"elementor-widget-container\">\n\t\t\t<div class=\"elementor-heading-title elementor-size-default\">Kat\u0131l\u0131mc\u0131<\/div>\t\t<\/div>\n\t\t\t\t<\/div>\n\t\t\t\t<\/div>\n\t\t\t\t<\/div>\n\t\t\t\t\t<\/div>\n\t\t<\/div>\n\t\t\t\t\t<\/div>\n\t\t<\/section>\n\t\t\t\t<\/div>","protected":false},"excerpt":{"rendered":"<p>Our Services Meeting &#038; Event Groundbreaking Events, Memorable Stories By providing alternatives that fit your vision for the content of your Event or Meeting, we dont just aim to provide good result, we aim to provide the Best Result! Accomodation Services According to Your Requirements Meeting Concept Development Meeting Recording and Assistant Services Creative Designs [&hellip;]<\/p>","protected":false},"author":1,"featured_media":0,"parent":0,"menu_order":0,"comment_status":"closed","ping_status":"closed","template":"","meta":{"site-sidebar-layout":"no-sidebar","site-content-layout":"page-builder","ast-site-content-layout":"full-width-container","site-content-style":"unboxed","site-sidebar-style":"unboxed","ast-global-header-display":"","ast-banner-title-visibility":"","ast-main-header-display":"","ast-hfb-above-header-display":"","ast-hfb-below-header-display":"","ast-hfb-mobile-header-display":"","site-post-title":"disabled","ast-breadcrumbs-content":"","ast-featured-img":"disabled","footer-sml-layout":"","theme-transparent-header-meta":"enabled","adv-header-id-meta":"","stick-header-meta":"","header-above-stick-meta":"","header-main-stick-meta":"","header-below-stick-meta":"","astra-migrate-meta-layouts":"set","ast-page-background-enabled":"default","ast-page-background-meta":{"desktop":{"background-color":"","background-image":"","background-repeat":"repeat","background-position":"center center","background-size":"auto","background-attachment":"scroll","background-type":"","background-media":"","overlay-type":"","overlay-color":"","overlay-opacity":"","overlay-gradient":""},"tablet":{"background-color":"","background-image":"","background-repeat":"repeat","background-position":"center center","background-size":"auto","background-attachment":"scroll","background-type":"","background-media":"","overlay-type":"","overlay-color":"","overlay-opacity":"","overlay-gradient":""},"mobile":{"background-color":"","background-image":"","background-repeat":"repeat","background-position":"center center","background-size":"auto","background-attachment":"scroll","background-type":"","background-media":"","overlay-type":"","overlay-color":"","overlay-opacity":"","overlay-gradient":""}},"ast-content-background-meta":{"desktop":{"background-color":"var(--ast-global-color-5)","background-image":"","background-repeat":"repeat","background-position":"center center","background-size":"auto","background-attachment":"scroll","background-type":"","background-media":"","overlay-type":"","overlay-color":"","overlay-opacity":"","overlay-gradient":""},"tablet":{"background-color":"var(--ast-global-color-5)","background-image":"","background-repeat":"repeat","background-position":"center center","background-size":"auto","background-attachment":"scroll","background-type":"","background-media":"","overlay-type":"","overlay-color":"","overlay-opacity":"","overlay-gradient":""},"mobile":{"background-color":"var(--ast-global-color-5)","background-image":"","background-repeat":"repeat","background-position":"center center","background-size":"auto","background-attachment":"scroll","background-type":"","background-media":"","overlay-type":"","overlay-color":"","overlay-opacity":"","overlay-gradient":""}},"footnotes":""},"class_list":["post-1103","page","type-page","status-publish","hentry"],"_links":{"self":[{"href":"https:\/\/boyutgroup.net\/tr\/wp-json\/wp\/v2\/pages\/1103","targetHints":{"allow":["GET"]}}],"collection":[{"href":"https:\/\/boyutgroup.net\/tr\/wp-json\/wp\/v2\/pages"}],"about":[{"href":"https:\/\/boyutgroup.net\/tr\/wp-json\/wp\/v2\/types\/page"}],"author":[{"embeddable":true,"href":"https:\/\/boyutgroup.net\/tr\/wp-json\/wp\/v2\/users\/1"}],"replies":[{"embeddable":true,"href":"https:\/\/boyutgroup.net\/tr\/wp-json\/wp\/v2\/comments?post=1103"}],"version-history":[{"count":6,"href":"https:\/\/boyutgroup.net\/tr\/wp-json\/wp\/v2\/pages\/1103\/revisions"}],"predecessor-version":[{"id":1724,"href":"https:\/\/boyutgroup.net\/tr\/wp-json\/wp\/v2\/pages\/1103\/revisions\/1724"}],"wp:attachment":[{"href":"https:\/\/boyutgroup.net\/tr\/wp-json\/wp\/v2\/media?parent=1103"}],"curies":[{"name":"wp","href":"https:\/\/api.w.org\/{rel}","templated":true}]}}